{"id":3346,"date":"2024-03-26T06:52:59","date_gmt":"2024-03-26T06:52:59","guid":{"rendered":"https:\/\/www.syotetaxi.fi\/?page_id=3346"},"modified":"2025-10-21T06:09:12","modified_gmt":"2025-10-21T06:09:12","slug":"tilaa-kelataksi","status":"publish","type":"page","link":"https:\/\/www.syotetaxi.fi\/en\/tilaa-kelataksi\/","title":{"rendered":"Order Kelataxi"},"content":{"rendered":"<div data-elementor-type=\"wp-page\" data-elementor-id=\"3346\" class=\"elementor elementor-3346\">\n\t\t\t\t\t\t<section class=\"elementor-section elementor-top-section elementor-element elementor-element-13d5ff1 elementor-section-boxed elementor-section-height-default elementor-section-height-default\" data-id=\"13d5ff1\" data-element_type=\"section\">\n\t\t\t\t\t\t<div class=\"elementor-container elementor-column-gap-default\">\n\t\t\t\t\t<div class=\"elementor-column elementor-col-50 elementor-top-column elementor-element elementor-element-4f2a84d\" data-id=\"4f2a84d\" data-element_type=\"column\">\n\t\t\t<div class=\"elementor-widget-wrap elementor-element-populated\">\n\t\t\t\t\t\t<div class=\"elementor-element elementor-element-43aa4d4 elementor-widget elementor-widget-image\" data-id=\"43aa4d4\" data-element_type=\"widget\" data-widget_type=\"image.default\">\n\t\t\t\t<div class=\"elementor-widget-container\">\n\t\t\t\t\t\t\t\t\t\t\t\t\t\t\t<img decoding=\"async\" src=\"https:\/\/www.syotetaxi.fi\/wp-content\/uploads\/elementor\/thumbs\/Kelataksi-mainos-A5-Instagram-postaus-45-rdirdcraivixv1mh5ue5gh67ey14lqhxsjmrtjkr56.png\" title=\"Kelataxi\" alt=\"Kelataksi\" loading=\"lazy\" \/>\t\t\t\t\t\t\t\t\t\t\t\t\t\t\t<\/div>\n\t\t\t\t<\/div>\n\t\t\t\t\t<\/div>\n\t\t<\/div>\n\t\t\t\t<div class=\"elementor-column elementor-col-50 elementor-top-column elementor-element elementor-element-a9bbf70\" data-id=\"a9bbf70\" data-element_type=\"column\">\n\t\t\t<div class=\"elementor-widget-wrap elementor-element-populated\">\n\t\t\t\t\t\t<div class=\"elementor-element elementor-element-36f6df1 elementor-widget elementor-widget-text-editor\" data-id=\"36f6df1\" data-element_type=\"widget\" data-widget_type=\"text-editor.default\">\n\t\t\t\t<div class=\"elementor-widget-container\">\n\t\t\t\t\t\t\t\t\t<h4 style=\"text-align: center;\"><span style=\"color: #000000;\"><strong>KELATAXI Pudasj\u00e4rvi \u2013 Taivalkoski<\/strong><\/span><\/h4><h4 style=\"text-align: center;\"><span style=\"color: #000000;\">When you order a kelataxi from the central number <strong>0800 415 720,<\/strong> you can wish which taxi you will get.<\/span><\/h4><h4 style=\"text-align: center;\"><span style=\"color: #000000;\">To request a taxi, you need to know the number of the car when you order it. Our centre will follow the Kela guidelines for making a request.\u00a0<\/span><\/h4><h4 style=\"text-align: center;\"><span style=\"color: #000000;\">Ask for taxi <strong>KP1495, KP1596, KP1669 or with wheelchair lift KP1460,<\/strong> you can have our taxi take you to your health service. If necessary, we will accompany you throughout your visit and you can also take the same taxi home.<\/span><\/h4><h4 style=\"text-align: center;\"><strong><span style=\"color: #000000;\">If you would like to request a taxi, please call us in advance to check availability:<\/span><\/strong><\/h4><h4 style=\"text-align: center;\"><span style=\"color: #000000;\"><strong>+35841 310 4224 \/ Tuija<\/strong><\/span><\/h4>\t\t\t\t\t\t\t\t<\/div>\n\t\t\t\t<\/div>\n\t\t\t\t\t<\/div>\n\t\t<\/div>\n\t\t\t\t\t<\/div>\n\t\t<\/section>\n\t\t\t\t<\/div>","protected":false},"excerpt":{"rendered":"<p>KELATAKSI Pudasj\u00e4rvi &#8211; Taivalkoski Tilatessasi kelataksin keskuksen numerosta 0800 415 720, Sinulla on mahdollisuus pyyt\u00e4\u00e4 toivetaksia. Kyydin v\u00e4litys toivetaksille edellytt\u00e4\u00e4, ett\u00e4 tied\u00e4t taksia tilatessasi auton kupunumeron ja olet sopinut matkastasi kanssamme etuk\u00e4teen.\u00a0 Toivomalla taksin KP1495, KP1596, KP1669 tai invataksin KP1460 saat meid\u00e4n taksin hoitamaan sinun terveyspalvelumatkasi. Toimimme tarvittaessa saattajana koko k\u00e4yntisi ajan ja p\u00e4\u00e4set my\u00f6s&#8230;<\/p>","protected":false},"author":1,"featured_media":0,"parent":0,"menu_order":0,"comment_status":"closed","ping_status":"closed","template":"","meta":{"_kad_post_transparent":"","_kad_post_title":"","_kad_post_layout":"","_kad_post_sidebar_id":"","_kad_post_content_style":"","_kad_post_vertical_padding":"","_kad_post_feature":"","_kad_post_feature_position":"","_kad_post_header":false,"_kad_post_footer":false,"_kad_post_classname":"","footnotes":""},"class_list":["post-3346","page","type-page","status-publish","hentry"],"yoast_head":"<!-- This site is optimized with the Yoast SEO plugin v26.5 - https:\/\/yoast.com\/wordpress\/plugins\/seo\/ -->\n<title>Tilaa Kelataksi<\/title>\n<meta name=\"description\" content=\"Kelataksi Pudasj\u00e4rvi Taivalkoski. Tilatessasi kelataksin numerosta 0800 415 720, Sinulla on mahdollisuus k\u00e4ytt\u00e4\u00e4 toivetaksia.\" \/>\n<meta name=\"robots\" content=\"index, follow, max-snippet:-1, max-image-preview:large, max-video-preview:-1\" \/>\n<link rel=\"canonical\" href=\"https:\/\/www.syotetaxi.fi\/en\/tilaa-kelataksi\/\" \/>\n<meta property=\"og:locale\" content=\"en_GB\" \/>\n<meta property=\"og:type\" content=\"article\" \/>\n<meta property=\"og:title\" content=\"Tilaa Kelataksi\" \/>\n<meta property=\"og:description\" content=\"Kelataksi Pudasj\u00e4rvi Taivalkoski. Tilatessasi kelataksin numerosta 0800 415 720, Sinulla on mahdollisuus k\u00e4ytt\u00e4\u00e4 toivetaksia.\" \/>\n<meta property=\"og:url\" content=\"https:\/\/www.syotetaxi.fi\/en\/tilaa-kelataksi\/\" \/>\n<meta property=\"article:publisher\" content=\"https:\/\/www.facebook.com\/syotetaxi\" \/>\n<meta property=\"article:modified_time\" content=\"2025-10-21T06:09:12+00:00\" \/>\n<meta property=\"og:image\" content=\"http:\/\/www.syotetaxi.fi\/wp-content\/uploads\/elementor\/thumbs\/Kelataksi-mainos-A5-Instagram-postaus-45-rdirdcraivixv1mh5ue5gh67ey14lqhxsjmrtjkr56.png\" \/>\n<meta name=\"twitter:card\" content=\"summary_large_image\" \/>\n<meta name=\"twitter:label1\" content=\"Estimated reading time\" \/>\n\t<meta name=\"twitter:data1\" content=\"1 minute\" \/>\n<script type=\"application\/ld+json\" class=\"yoast-schema-graph\">{\"@context\":\"https:\/\/schema.org\",\"@graph\":[{\"@type\":\"WebPage\",\"@id\":\"https:\/\/www.syotetaxi.fi\/tilaa-kelataksi\/\",\"url\":\"https:\/\/www.syotetaxi.fi\/tilaa-kelataksi\/\",\"name\":\"Tilaa Kelataksi\",\"isPartOf\":{\"@id\":\"https:\/\/www.syotetaxi.fi\/#website\"},\"primaryImageOfPage\":{\"@id\":\"https:\/\/www.syotetaxi.fi\/tilaa-kelataksi\/#primaryimage\"},\"image\":{\"@id\":\"https:\/\/www.syotetaxi.fi\/tilaa-kelataksi\/#primaryimage\"},\"thumbnailUrl\":\"http:\/\/www.syotetaxi.fi\/wp-content\/uploads\/elementor\/thumbs\/Kelataksi-mainos-A5-Instagram-postaus-45-rdirdcraivixv1mh5ue5gh67ey14lqhxsjmrtjkr56.png\",\"datePublished\":\"2024-03-26T06:52:59+00:00\",\"dateModified\":\"2025-10-21T06:09:12+00:00\",\"description\":\"Kelataksi Pudasj\u00e4rvi Taivalkoski. Tilatessasi kelataksin numerosta 0800 415 720, Sinulla on mahdollisuus k\u00e4ytt\u00e4\u00e4 toivetaksia.\",\"breadcrumb\":{\"@id\":\"https:\/\/www.syotetaxi.fi\/tilaa-kelataksi\/#breadcrumb\"},\"inLanguage\":\"en-GB\",\"potentialAction\":[{\"@type\":\"ReadAction\",\"target\":[\"https:\/\/www.syotetaxi.fi\/tilaa-kelataksi\/\"]}]},{\"@type\":\"ImageObject\",\"inLanguage\":\"en-GB\",\"@id\":\"https:\/\/www.syotetaxi.fi\/tilaa-kelataksi\/#primaryimage\",\"url\":\"http:\/\/www.syotetaxi.fi\/wp-content\/uploads\/elementor\/thumbs\/Kelataksi-mainos-A5-Instagram-postaus-45-rdirdcraivixv1mh5ue5gh67ey14lqhxsjmrtjkr56.png\",\"contentUrl\":\"http:\/\/www.syotetaxi.fi\/wp-content\/uploads\/elementor\/thumbs\/Kelataksi-mainos-A5-Instagram-postaus-45-rdirdcraivixv1mh5ue5gh67ey14lqhxsjmrtjkr56.png\"},{\"@type\":\"BreadcrumbList\",\"@id\":\"https:\/\/www.syotetaxi.fi\/tilaa-kelataksi\/#breadcrumb\",\"itemListElement\":[{\"@type\":\"ListItem\",\"position\":1,\"name\":\"Etusivu\",\"item\":\"https:\/\/www.syotetaxi.fi\/\"},{\"@type\":\"ListItem\",\"position\":2,\"name\":\"Tilaa Kelataksi\"}]},{\"@type\":\"WebSite\",\"@id\":\"https:\/\/www.syotetaxi.fi\/#website\",\"url\":\"https:\/\/www.syotetaxi.fi\/\",\"name\":\"\",\"description\":\"\",\"publisher\":{\"@id\":\"https:\/\/www.syotetaxi.fi\/#organization\"},\"potentialAction\":[{\"@type\":\"SearchAction\",\"target\":{\"@type\":\"EntryPoint\",\"urlTemplate\":\"https:\/\/www.syotetaxi.fi\/?s={search_term_string}\"},\"query-input\":{\"@type\":\"PropertyValueSpecification\",\"valueRequired\":true,\"valueName\":\"search_term_string\"}}],\"inLanguage\":\"en-GB\"},{\"@type\":\"Organization\",\"@id\":\"https:\/\/www.syotetaxi.fi\/#organization\",\"name\":\"syotetaxi\",\"url\":\"https:\/\/www.syotetaxi.fi\/\",\"logo\":{\"@type\":\"ImageObject\",\"inLanguage\":\"en-GB\",\"@id\":\"https:\/\/www.syotetaxi.fi\/#\/schema\/logo\/image\/\",\"url\":\"https:\/\/www.syotetaxi.fi\/wp-content\/uploads\/2024\/03\/cropped-cropped-logo.png\",\"contentUrl\":\"https:\/\/www.syotetaxi.fi\/wp-content\/uploads\/2024\/03\/cropped-cropped-logo.png\",\"width\":833,\"height\":206,\"caption\":\"syotetaxi\"},\"image\":{\"@id\":\"https:\/\/www.syotetaxi.fi\/#\/schema\/logo\/image\/\"},\"sameAs\":[\"https:\/\/www.facebook.com\/syotetaxi\",\"https:\/\/www.instagram.com\/syotetaxi\"]}]}<\/script>\n<!-- \/ Yoast SEO plugin. -->","yoast_head_json":{"title":"Order Kelataxi","description":"Kelataksi Pudasj\u00e4rvi Taivalkoski. Tilatessasi kelataksin numerosta 0800 415 720, Sinulla on mahdollisuus k\u00e4ytt\u00e4\u00e4 toivetaksia.","robots":{"index":"index","follow":"follow","max-snippet":"max-snippet:-1","max-image-preview":"max-image-preview:large","max-video-preview":"max-video-preview:-1"},"canonical":"https:\/\/www.syotetaxi.fi\/en\/tilaa-kelataksi\/","og_locale":"en_GB","og_type":"article","og_title":"Tilaa Kelataksi","og_description":"Kelataksi Pudasj\u00e4rvi Taivalkoski. Tilatessasi kelataksin numerosta 0800 415 720, Sinulla on mahdollisuus k\u00e4ytt\u00e4\u00e4 toivetaksia.","og_url":"https:\/\/www.syotetaxi.fi\/en\/tilaa-kelataksi\/","article_publisher":"https:\/\/www.facebook.com\/syotetaxi","article_modified_time":"2025-10-21T06:09:12+00:00","og_image":[{"url":"http:\/\/www.syotetaxi.fi\/wp-content\/uploads\/elementor\/thumbs\/Kelataksi-mainos-A5-Instagram-postaus-45-rdirdcraivixv1mh5ue5gh67ey14lqhxsjmrtjkr56.png","type":"","width":"","height":""}],"twitter_card":"summary_large_image","twitter_misc":{"Estimated reading time":"1 minute"},"schema":{"@context":"https:\/\/schema.org","@graph":[{"@type":"WebPage","@id":"https:\/\/www.syotetaxi.fi\/tilaa-kelataksi\/","url":"https:\/\/www.syotetaxi.fi\/tilaa-kelataksi\/","name":"Order Kelataxi","isPartOf":{"@id":"https:\/\/www.syotetaxi.fi\/#website"},"primaryImageOfPage":{"@id":"https:\/\/www.syotetaxi.fi\/tilaa-kelataksi\/#primaryimage"},"image":{"@id":"https:\/\/www.syotetaxi.fi\/tilaa-kelataksi\/#primaryimage"},"thumbnailUrl":"http:\/\/www.syotetaxi.fi\/wp-content\/uploads\/elementor\/thumbs\/Kelataksi-mainos-A5-Instagram-postaus-45-rdirdcraivixv1mh5ue5gh67ey14lqhxsjmrtjkr56.png","datePublished":"2024-03-26T06:52:59+00:00","dateModified":"2025-10-21T06:09:12+00:00","description":"Kelataksi Pudasj\u00e4rvi Taivalkoski. Tilatessasi kelataksin numerosta 0800 415 720, Sinulla on mahdollisuus k\u00e4ytt\u00e4\u00e4 toivetaksia.","breadcrumb":{"@id":"https:\/\/www.syotetaxi.fi\/tilaa-kelataksi\/#breadcrumb"},"inLanguage":"en-GB","potentialAction":[{"@type":"ReadAction","target":["https:\/\/www.syotetaxi.fi\/tilaa-kelataksi\/"]}]},{"@type":"ImageObject","inLanguage":"en-GB","@id":"https:\/\/www.syotetaxi.fi\/tilaa-kelataksi\/#primaryimage","url":"http:\/\/www.syotetaxi.fi\/wp-content\/uploads\/elementor\/thumbs\/Kelataksi-mainos-A5-Instagram-postaus-45-rdirdcraivixv1mh5ue5gh67ey14lqhxsjmrtjkr56.png","contentUrl":"http:\/\/www.syotetaxi.fi\/wp-content\/uploads\/elementor\/thumbs\/Kelataksi-mainos-A5-Instagram-postaus-45-rdirdcraivixv1mh5ue5gh67ey14lqhxsjmrtjkr56.png"},{"@type":"BreadcrumbList","@id":"https:\/\/www.syotetaxi.fi\/tilaa-kelataksi\/#breadcrumb","itemListElement":[{"@type":"ListItem","position":1,"name":"Etusivu","item":"https:\/\/www.syotetaxi.fi\/"},{"@type":"ListItem","position":2,"name":"Tilaa Kelataksi"}]},{"@type":"WebSite","@id":"https:\/\/www.syotetaxi.fi\/#website","url":"https:\/\/www.syotetaxi.fi\/","name":"","description":"","publisher":{"@id":"https:\/\/www.syotetaxi.fi\/#organization"},"potentialAction":[{"@type":"SearchAction","target":{"@type":"EntryPoint","urlTemplate":"https:\/\/www.syotetaxi.fi\/?s={search_term_string}"},"query-input":{"@type":"PropertyValueSpecification","valueRequired":true,"valueName":"search_term_string"}}],"inLanguage":"en-GB"},{"@type":"Organization","@id":"https:\/\/www.syotetaxi.fi\/#organization","name":"syotetaxi","url":"https:\/\/www.syotetaxi.fi\/","logo":{"@type":"ImageObject","inLanguage":"en-GB","@id":"https:\/\/www.syotetaxi.fi\/#\/schema\/logo\/image\/","url":"https:\/\/www.syotetaxi.fi\/wp-content\/uploads\/2024\/03\/cropped-cropped-logo.png","contentUrl":"https:\/\/www.syotetaxi.fi\/wp-content\/uploads\/2024\/03\/cropped-cropped-logo.png","width":833,"height":206,"caption":"syotetaxi"},"image":{"@id":"https:\/\/www.syotetaxi.fi\/#\/schema\/logo\/image\/"},"sameAs":["https:\/\/www.facebook.com\/syotetaxi","https:\/\/www.instagram.com\/syotetaxi"]}]}},"_links":{"self":[{"href":"https:\/\/www.syotetaxi.fi\/en\/wp-json\/wp\/v2\/pages\/3346","targetHints":{"allow":["GET"]}}],"collection":[{"href":"https:\/\/www.syotetaxi.fi\/en\/wp-json\/wp\/v2\/pages"}],"about":[{"href":"https:\/\/www.syotetaxi.fi\/en\/wp-json\/wp\/v2\/types\/page"}],"author":[{"embeddable":true,"href":"https:\/\/www.syotetaxi.fi\/en\/wp-json\/wp\/v2\/users\/1"}],"replies":[{"embeddable":true,"href":"https:\/\/www.syotetaxi.fi\/en\/wp-json\/wp\/v2\/comments?post=3346"}],"version-history":[{"count":74,"href":"https:\/\/www.syotetaxi.fi\/en\/wp-json\/wp\/v2\/pages\/3346\/revisions"}],"predecessor-version":[{"id":4482,"href":"https:\/\/www.syotetaxi.fi\/en\/wp-json\/wp\/v2\/pages\/3346\/revisions\/4482"}],"wp:attachment":[{"href":"https:\/\/www.syotetaxi.fi\/en\/wp-json\/wp\/v2\/media?parent=3346"}],"curies":[{"name":"wp","href":"https:\/\/api.w.org\/{rel}","templated":true}]}}