{"id":3231,"date":"2024-03-22T06:38:37","date_gmt":"2024-03-22T06:38:37","guid":{"rendered":"https:\/\/www.syotetaxi.fi\/?page_id=3231"},"modified":"2024-03-22T06:38:39","modified_gmt":"2024-03-22T06:38:39","slug":"tietosuojaseloste","status":"publish","type":"page","link":"https:\/\/www.syotetaxi.fi\/en\/tietosuojaseloste\/","title":{"rendered":"Tietosuojaseloste"},"content":{"rendered":"<div data-elementor-type=\"wp-page\" data-elementor-id=\"3231\" class=\"elementor elementor-3231\">\n\t\t\t\t\t\t<section class=\"elementor-section elementor-top-section elementor-element elementor-element-7f3c044 elementor-section-boxed elementor-section-height-default elementor-section-height-default\" data-id=\"7f3c044\" data-element_type=\"section\">\n\t\t\t\t\t\t<div class=\"elementor-container elementor-column-gap-default\">\n\t\t\t\t\t<div class=\"elementor-column elementor-col-100 elementor-top-column elementor-element elementor-element-e50f529\" data-id=\"e50f529\" data-element_type=\"column\">\n\t\t\t<div class=\"elementor-widget-wrap elementor-element-populated\">\n\t\t\t\t\t\t<div class=\"elementor-element elementor-element-81ce3f3 elementor-widget elementor-widget-text-editor\" data-id=\"81ce3f3\" data-element_type=\"widget\" data-widget_type=\"text-editor.default\">\n\t\t\t\t<div class=\"elementor-widget-container\">\n\t\t\t\t\t\t\t\t\t<p>T\u00e4m\u00e4 on Sy\u00f6te Taxi:n henkil\u00f6tietolain (10 ja 24 \u00a7) ja EU:n yleisen tietosuoja-asetuksen (GDPR) mukainen rekisteri- ja tietosuojaseloste. Laadittu 22.03.2024. Viimeisin muutos 22.03.2024<\/p><p><strong>1. Rekisterinpit\u00e4j\u00e4<\/strong><\/p><p>Sy\u00f6te Solutions Oy<\/p><p>Y-tunnus 3227023-2<\/p><p>N\u00e4k\u00f6alatie 1139<br \/>93280 Sy\u00f6te<\/p><p>tilaukset@syotetaxi.fi<\/p><p><strong>2. Rekisterist\u00e4 vastaava yhteyshenkil\u00f6<\/strong><\/p><p>Tuija S\u00e4rkel\u00e4<\/p><p>tilaukset@syotetaxi.fi<\/p><p><strong>3. Rekisterin nimi<\/strong><\/p><p>Sy\u00f6te Taxi | Asiakas- ja markkinointirekisteri<\/p><p>K\u00e4sittelemme rekisteriss\u00e4 asiakkaidemme sek\u00e4 potentiaalisten asiakkaidemme ja n\u00e4iden edustajien henkil\u00f6tietoja.<\/p><p><strong>4. Henkil\u00f6tietojen k\u00e4sittelyn tarkoitus<\/strong><\/p><p>K\u00e4sittelemme henkil\u00f6tietoja asiakkuuden hallintaan liittyviss\u00e4 asioissa (mm. palveluiden tuottamiseksi ja toimittamiseksi, laskutusta ja perint\u00e4\u00e4 varten, reklamaatioiden k\u00e4sittelemiseksi, asiakastuessa ja asiakastyytyv\u00e4isyyden mittaamiseksi), asiakasviestinn\u00e4ss\u00e4 sek\u00e4 Sy\u00f6te Taxin ja sen yhteisty\u00f6kumppaneiden tarjoamien palvelujen markkinoinnissa sek\u00e4 palvelujen kehitt\u00e4misess\u00e4.<\/p><p>Tietojasi saatetaan ker\u00e4t\u00e4 ja k\u00e4sitell\u00e4 my\u00f6s lakis\u00e4\u00e4teisten velvoitteiden t\u00e4ytt\u00e4miseksi, kuten kirjanpito- ja viranomaistarkoituksiin.<\/p><p>Ker\u00e4\u00e4mme, s\u00e4ilyt\u00e4mme ja k\u00e4sittelemme henkil\u00f6tietoja vain ennalta m\u00e4\u00e4riteltyihin tarkoituksiin.<\/p><p><strong>5. Rekisterin tietosis\u00e4lt\u00f6<\/strong><\/p><p>Rekister\u00f6idyst\u00e4 voidaan tallentaa seuraavankaltaisia tietoja:<\/p><p>\u2013 Etunimi<br \/>\u2013 Sukunimi<br \/>\u2013 Yritys<br \/>\u2013 Puhelinnumero<br \/>\u2013 S\u00e4hk\u00f6postiosoite<br \/>\u2013 Osoite<br \/>\u2013 Suostumustiedot<br \/>\u2013 Yleisesti saatavilla olevat luokittelutiedot<br \/>\u2013 Asiakaspalautetiedot<br \/>\u2013 Tilaus-, laskutus- ja toimitustiedot<br \/>\u2013 IP-osoitetieto tai muu tunniste<br \/>\u2013 Ev\u00e4st\u00e4iden kautta ker\u00e4tt\u00e4v\u00e4t tiedot<br \/>\u2013 Mit\u00e4 tuotteitamme olet tilannut<br \/>\u2013 Mill\u00e4 sivulla k\u00e4yt, kuinka kauan viivyt sivustolla, mit\u00e4 kautta tulit sivustolle ja mit\u00e4 linkkej\u00e4 klikkaat<br \/>\u2013 Sosiaalisen median kanavista ker\u00e4tt\u00e4v\u00e4t tiedot<\/p><p>Muut asiakkaan suostumuksella ker\u00e4tt\u00e4v\u00e4t tiedot<\/p><p><strong>6. S\u00e4\u00e4nn\u00f6nmukaiset tietol\u00e4hteet<\/strong><\/p><p>Ker\u00e4\u00e4mme sinua koskevia henkil\u00f6tietoja p\u00e4\u00e4asiassa sinulta itselt\u00e4si yhteydenottojen yhteydess\u00e4 tai my\u00f6hemmin palveluidemme k\u00e4yt\u00f6n yhteydess\u00e4. Ker\u00e4\u00e4mme Google Analytics- palvelun avulla verkkosivustomme k\u00e4vij\u00e4tietoa, jotta voisimme analysoida ja kehitt\u00e4\u00e4 sivustoamme entist\u00e4kin paremmaksi ja kohdentaa sivustomme k\u00e4vij\u00f6ille relevanttia markkinointia. Tiedot tallentuvat automaattisesti rekisteriin k\u00e4ytt\u00e4j\u00e4n j\u00e4tt\u00e4ess\u00e4 tiedot verkkosivuillamme.<\/p><p>K\u00e4ytt\u00e4m\u00e4mme markkinoinnin automaation tarkoituksena on auttaa meit\u00e4 palvelemaan sivustomme vierailijoita entist\u00e4 paremmin. Emme l\u00e4het\u00e4 massapostituksia, vaan pystymme t\u00e4m\u00e4n avulla kohdentamaan markkinointimme juuri sinua kiinnostaviin aihepiireihin.<\/p><p><strong>7. Tietojen s\u00e4\u00e4nn\u00f6nmukaiset luovutukset ja tietojen siirto EU:n tai ETA:n ulkopuolelle<\/strong><\/p><p>P\u00e4\u00e4s\u00e4\u00e4nt\u00f6isesti henkil\u00f6tietojasi k\u00e4sittelev\u00e4t yrityksemme henkil\u00f6st\u00f6\u00f6n kuuluvat henkil\u00f6t ty\u00f6ss\u00e4\u00e4n. Tietoja ei luovuteta s\u00e4\u00e4nn\u00f6nmukaisesti muille tahoille. Tietoja voidaan siirt\u00e4\u00e4 rekisterinpit\u00e4j\u00e4n toimesta my\u00f6s EU:n tai ETA:n ulkopuolelle.<\/p><p><strong>8. Rekisterin suojauksen periaatteet<\/strong><\/p><p>Rekisterin k\u00e4sittelyss\u00e4 noudatetaan huolellisuutta ja tietoj\u00e4rjestelmien avulla k\u00e4sitelt\u00e4v\u00e4t tiedot suojataan asianmukaisesti. Kun rekisteritietoja s\u00e4ilytet\u00e4\u00e4n Internet-palvelimilla, niiden laitteiston fyysisest\u00e4 ja digitaalisesta tietoturvasta huolehditaan asiaankuuluvasti. Rekisterinpit\u00e4j\u00e4 huolehtii siit\u00e4, ett\u00e4 tallennettuja tietoja sek\u00e4 palvelimien k\u00e4ytt\u00f6oikeuksia ja muita henkil\u00f6tietojen turvallisuuden kannalta kriittisi\u00e4 tietoja k\u00e4sitell\u00e4\u00e4n luottamuksellisesti ja vain niiden ty\u00f6ntekij\u00f6iden toimesta, joiden ty\u00f6nkuvaan se kuuluu. Kunnioitamme henkil\u00f6tietojesi luottamuksellisuutta.<\/p><p>Henkil\u00f6tiedot on suojattu ulkopuolisten k\u00e4yt\u00f6lt\u00e4 palomuurein, virustorjuntaohjelmin, henkil\u00f6kohtaisin k\u00e4ytt\u00e4j\u00e4tunnuksin ja salasanoin. Henkil\u00f6tietoihin p\u00e4\u00e4sy on ainoastaan Sy\u00f6te Taxin valtuuttamilla henkil\u00f6ill\u00e4, joiden ty\u00f6teht\u00e4v\u00e4t edellytt\u00e4v\u00e4t henkil\u00f6tietojen k\u00e4sittely\u00e4. Ilmaisemme henkil\u00f6tietoja vain luottamuksellisesti ja rajoitetusti sopimusten perusteella sopimuskumppaneillemme, kuten maksupalvelutarjoajalle. Sopimuskumppaneidemme tulee sitoutua riitt\u00e4v\u00e4n tietoturvan toteuttamiseen ja kaikilta osin henkil\u00f6tietojen lainmukaiseen k\u00e4sittelyyn. Henkil\u00f6tietojen k\u00e4sittelij\u00f6it\u00e4 sitoo vaitiolovelvollisuus.<\/p><p>Jos tietoja on manuaalisessa muodossa, niit\u00e4 s\u00e4ilytet\u00e4\u00e4n ulkopuolisilta lukituissa tiloissa ja tuhotaan tietoturvallisesti.<\/p><p><strong>9. Tarkastusoikeus ja oikeus vaatia tiedon korjaamista<\/strong><\/p><p>Jokaisella rekisteriss\u00e4 olevalla henkil\u00f6ll\u00e4 on oikeus tarkistaa rekisteriin tallennetut tietonsa ja vaatia mahdollisen virheellisen tiedon korjaamista tai puutteellisen tiedon t\u00e4ydent\u00e4mist\u00e4. Mik\u00e4li henkil\u00f6 haluaa tarkistaa h\u00e4nest\u00e4 tallennetut tiedot tai vaatia niihin oikaisua, pyynt\u00f6 tulee l\u00e4hett\u00e4\u00e4 kirjallisesti rekisterinpit\u00e4j\u00e4lle. Rekisterinpit\u00e4j\u00e4 voi pyyt\u00e4\u00e4 tarvittaessa pyynn\u00f6n esitt\u00e4j\u00e4\u00e4 todistamaan henkil\u00f6llisyytens\u00e4. Rekisterinpit\u00e4j\u00e4 vastaa asiakkaalle EU:n tietosuoja-asetuksessa s\u00e4\u00e4detyss\u00e4 ajassa (p\u00e4\u00e4s\u00e4\u00e4nt\u00f6isesti kuukauden kuluessa).<\/p><p><strong>10. Muut henkil\u00f6tietojen k\u00e4sittelyyn liittyv\u00e4t oikeudet<\/strong><\/p><p>Rekisteriss\u00e4 olevalla henkil\u00f6ll\u00e4 on oikeus pyyt\u00e4\u00e4 h\u00e4nt\u00e4 koskevien henkil\u00f6tietojen poistamiseen rekisterist\u00e4 (\u201doikeus tulla unohdetuksi\u201d). Niin ik\u00e4\u00e4n rekister\u00f6idyill\u00e4 on muut EU:n yleisen tietosuoja-asetuksen mukaiset oikeudet kuten henkil\u00f6tietojen k\u00e4sittelyn rajoittaminen tietyiss\u00e4 tilanteissa. Pyynn\u00f6t tulee l\u00e4hett\u00e4\u00e4 kirjallisesti rekisterinpit\u00e4j\u00e4lle. Rekisterinpit\u00e4j\u00e4 voi pyyt\u00e4\u00e4 tarvittaessa pyynn\u00f6n esitt\u00e4j\u00e4\u00e4 todistamaan henkil\u00f6llisyytens\u00e4. Rekisterinpit\u00e4j\u00e4 vastaa asiakkaalle EU:n tietosuoja-asetuksessa s\u00e4\u00e4detyss\u00e4 ajassa (p\u00e4\u00e4s\u00e4\u00e4nt\u00f6isesti kuukauden kuluessa).<\/p>\t\t\t\t\t\t\t\t<\/div>\n\t\t\t\t<\/div>\n\t\t\t\t\t<\/div>\n\t\t<\/div>\n\t\t\t\t\t<\/div>\n\t\t<\/section>\n\t\t\t\t<\/div>","protected":false},"excerpt":{"rendered":"<p>T\u00e4m\u00e4 on Sy\u00f6te Taxi:n henkil\u00f6tietolain (10 ja 24 \u00a7) ja EU:n yleisen tietosuoja-asetuksen (GDPR) mukainen rekisteri- ja tietosuojaseloste. Laadittu 22.03.2024. Viimeisin muutos 22.03.2024 1. Rekisterinpit\u00e4j\u00e4 Sy\u00f6te Solutions Oy Y-tunnus 3227023-2 N\u00e4k\u00f6alatie 113993280 Sy\u00f6te tilaukset@syotetaxi.fi 2. Rekisterist\u00e4 vastaava yhteyshenkil\u00f6 Tuija S\u00e4rkel\u00e4 tilaukset@syotetaxi.fi 3. Rekisterin nimi Sy\u00f6te Taxi | Asiakas- ja markkinointirekisteri K\u00e4sittelemme rekisteriss\u00e4 asiakkaidemme sek\u00e4 potentiaalisten&#8230;<\/p>","protected":false},"author":2,"featured_media":0,"parent":0,"menu_order":0,"comment_status":"closed","ping_status":"closed","template":"","meta":{"_kad_post_transparent":"","_kad_post_title":"","_kad_post_layout":"","_kad_post_sidebar_id":"","_kad_post_content_style":"","_kad_post_vertical_padding":"","_kad_post_feature":"","_kad_post_feature_position":"","_kad_post_header":false,"_kad_post_footer":false,"_kad_post_classname":"","footnotes":""},"class_list":["post-3231","page","type-page","status-publish","hentry"],"yoast_head":"<!-- This site is optimized with the Yoast SEO plugin v26.5 - https:\/\/yoast.com\/wordpress\/plugins\/seo\/ -->\n<title>Tietosuojaseloste -<\/title>\n<meta name=\"robots\" content=\"index, follow, max-snippet:-1, max-image-preview:large, max-video-preview:-1\" \/>\n<link rel=\"canonical\" href=\"https:\/\/www.syotetaxi.fi\/en\/tietosuojaseloste\/\" \/>\n<meta property=\"og:locale\" content=\"en_GB\" \/>\n<meta property=\"og:type\" content=\"article\" \/>\n<meta property=\"og:title\" content=\"Tietosuojaseloste -\" \/>\n<meta property=\"og:description\" content=\"T\u00e4m\u00e4 on Sy\u00f6te Taxi:n henkil\u00f6tietolain (10 ja 24 \u00a7) ja EU:n yleisen tietosuoja-asetuksen (GDPR) mukainen rekisteri- ja tietosuojaseloste. Laadittu 22.03.2024. Viimeisin muutos 22.03.2024 1. Rekisterinpit\u00e4j\u00e4 Sy\u00f6te Solutions Oy Y-tunnus 3227023-2 N\u00e4k\u00f6alatie 113993280 Sy\u00f6te tilaukset@syotetaxi.fi 2. Rekisterist\u00e4 vastaava yhteyshenkil\u00f6 Tuija S\u00e4rkel\u00e4 tilaukset@syotetaxi.fi 3. Rekisterin nimi Sy\u00f6te Taxi | Asiakas- ja markkinointirekisteri K\u00e4sittelemme rekisteriss\u00e4 asiakkaidemme sek\u00e4 potentiaalisten...\" \/>\n<meta property=\"og:url\" content=\"https:\/\/www.syotetaxi.fi\/en\/tietosuojaseloste\/\" \/>\n<meta property=\"article:publisher\" content=\"https:\/\/www.facebook.com\/syotetaxi\" \/>\n<meta property=\"article:modified_time\" content=\"2024-03-22T06:38:39+00:00\" \/>\n<meta name=\"twitter:card\" content=\"summary_large_image\" \/>\n<meta name=\"twitter:label1\" content=\"Estimated reading time\" \/>\n\t<meta name=\"twitter:data1\" content=\"4 minutes\" \/>\n<script type=\"application\/ld+json\" class=\"yoast-schema-graph\">{\"@context\":\"https:\/\/schema.org\",\"@graph\":[{\"@type\":\"WebPage\",\"@id\":\"https:\/\/www.syotetaxi.fi\/tietosuojaseloste\/\",\"url\":\"https:\/\/www.syotetaxi.fi\/tietosuojaseloste\/\",\"name\":\"Tietosuojaseloste -\",\"isPartOf\":{\"@id\":\"https:\/\/www.syotetaxi.fi\/#website\"},\"datePublished\":\"2024-03-22T06:38:37+00:00\",\"dateModified\":\"2024-03-22T06:38:39+00:00\",\"breadcrumb\":{\"@id\":\"https:\/\/www.syotetaxi.fi\/tietosuojaseloste\/#breadcrumb\"},\"inLanguage\":\"en-GB\",\"potentialAction\":[{\"@type\":\"ReadAction\",\"target\":[\"https:\/\/www.syotetaxi.fi\/tietosuojaseloste\/\"]}]},{\"@type\":\"BreadcrumbList\",\"@id\":\"https:\/\/www.syotetaxi.fi\/tietosuojaseloste\/#breadcrumb\",\"itemListElement\":[{\"@type\":\"ListItem\",\"position\":1,\"name\":\"Etusivu\",\"item\":\"https:\/\/www.syotetaxi.fi\/\"},{\"@type\":\"ListItem\",\"position\":2,\"name\":\"Tietosuojaseloste\"}]},{\"@type\":\"WebSite\",\"@id\":\"https:\/\/www.syotetaxi.fi\/#website\",\"url\":\"https:\/\/www.syotetaxi.fi\/\",\"name\":\"\",\"description\":\"\",\"publisher\":{\"@id\":\"https:\/\/www.syotetaxi.fi\/#organization\"},\"potentialAction\":[{\"@type\":\"SearchAction\",\"target\":{\"@type\":\"EntryPoint\",\"urlTemplate\":\"https:\/\/www.syotetaxi.fi\/?s={search_term_string}\"},\"query-input\":{\"@type\":\"PropertyValueSpecification\",\"valueRequired\":true,\"valueName\":\"search_term_string\"}}],\"inLanguage\":\"en-GB\"},{\"@type\":\"Organization\",\"@id\":\"https:\/\/www.syotetaxi.fi\/#organization\",\"name\":\"syotetaxi\",\"url\":\"https:\/\/www.syotetaxi.fi\/\",\"logo\":{\"@type\":\"ImageObject\",\"inLanguage\":\"en-GB\",\"@id\":\"https:\/\/www.syotetaxi.fi\/#\/schema\/logo\/image\/\",\"url\":\"https:\/\/www.syotetaxi.fi\/wp-content\/uploads\/2024\/03\/cropped-cropped-logo.png\",\"contentUrl\":\"https:\/\/www.syotetaxi.fi\/wp-content\/uploads\/2024\/03\/cropped-cropped-logo.png\",\"width\":833,\"height\":206,\"caption\":\"syotetaxi\"},\"image\":{\"@id\":\"https:\/\/www.syotetaxi.fi\/#\/schema\/logo\/image\/\"},\"sameAs\":[\"https:\/\/www.facebook.com\/syotetaxi\",\"https:\/\/www.instagram.com\/syotetaxi\"]}]}<\/script>\n<!-- \/ Yoast SEO plugin. -->","yoast_head_json":{"title":"Tietosuojaseloste -","robots":{"index":"index","follow":"follow","max-snippet":"max-snippet:-1","max-image-preview":"max-image-preview:large","max-video-preview":"max-video-preview:-1"},"canonical":"https:\/\/www.syotetaxi.fi\/en\/tietosuojaseloste\/","og_locale":"en_GB","og_type":"article","og_title":"Tietosuojaseloste -","og_description":"T\u00e4m\u00e4 on Sy\u00f6te Taxi:n henkil\u00f6tietolain (10 ja 24 \u00a7) ja EU:n yleisen tietosuoja-asetuksen (GDPR) mukainen rekisteri- ja tietosuojaseloste. Laadittu 22.03.2024. Viimeisin muutos 22.03.2024 1. Rekisterinpit\u00e4j\u00e4 Sy\u00f6te Solutions Oy Y-tunnus 3227023-2 N\u00e4k\u00f6alatie 113993280 Sy\u00f6te tilaukset@syotetaxi.fi 2. Rekisterist\u00e4 vastaava yhteyshenkil\u00f6 Tuija S\u00e4rkel\u00e4 tilaukset@syotetaxi.fi 3. Rekisterin nimi Sy\u00f6te Taxi | Asiakas- ja markkinointirekisteri K\u00e4sittelemme rekisteriss\u00e4 asiakkaidemme sek\u00e4 potentiaalisten...","og_url":"https:\/\/www.syotetaxi.fi\/en\/tietosuojaseloste\/","article_publisher":"https:\/\/www.facebook.com\/syotetaxi","article_modified_time":"2024-03-22T06:38:39+00:00","twitter_card":"summary_large_image","twitter_misc":{"Estimated reading time":"4 minutes"},"schema":{"@context":"https:\/\/schema.org","@graph":[{"@type":"WebPage","@id":"https:\/\/www.syotetaxi.fi\/tietosuojaseloste\/","url":"https:\/\/www.syotetaxi.fi\/tietosuojaseloste\/","name":"Tietosuojaseloste -","isPartOf":{"@id":"https:\/\/www.syotetaxi.fi\/#website"},"datePublished":"2024-03-22T06:38:37+00:00","dateModified":"2024-03-22T06:38:39+00:00","breadcrumb":{"@id":"https:\/\/www.syotetaxi.fi\/tietosuojaseloste\/#breadcrumb"},"inLanguage":"en-GB","potentialAction":[{"@type":"ReadAction","target":["https:\/\/www.syotetaxi.fi\/tietosuojaseloste\/"]}]},{"@type":"BreadcrumbList","@id":"https:\/\/www.syotetaxi.fi\/tietosuojaseloste\/#breadcrumb","itemListElement":[{"@type":"ListItem","position":1,"name":"Etusivu","item":"https:\/\/www.syotetaxi.fi\/"},{"@type":"ListItem","position":2,"name":"Tietosuojaseloste"}]},{"@type":"WebSite","@id":"https:\/\/www.syotetaxi.fi\/#website","url":"https:\/\/www.syotetaxi.fi\/","name":"","description":"","publisher":{"@id":"https:\/\/www.syotetaxi.fi\/#organization"},"potentialAction":[{"@type":"SearchAction","target":{"@type":"EntryPoint","urlTemplate":"https:\/\/www.syotetaxi.fi\/?s={search_term_string}"},"query-input":{"@type":"PropertyValueSpecification","valueRequired":true,"valueName":"search_term_string"}}],"inLanguage":"en-GB"},{"@type":"Organization","@id":"https:\/\/www.syotetaxi.fi\/#organization","name":"syotetaxi","url":"https:\/\/www.syotetaxi.fi\/","logo":{"@type":"ImageObject","inLanguage":"en-GB","@id":"https:\/\/www.syotetaxi.fi\/#\/schema\/logo\/image\/","url":"https:\/\/www.syotetaxi.fi\/wp-content\/uploads\/2024\/03\/cropped-cropped-logo.png","contentUrl":"https:\/\/www.syotetaxi.fi\/wp-content\/uploads\/2024\/03\/cropped-cropped-logo.png","width":833,"height":206,"caption":"syotetaxi"},"image":{"@id":"https:\/\/www.syotetaxi.fi\/#\/schema\/logo\/image\/"},"sameAs":["https:\/\/www.facebook.com\/syotetaxi","https:\/\/www.instagram.com\/syotetaxi"]}]}},"_links":{"self":[{"href":"https:\/\/www.syotetaxi.fi\/en\/wp-json\/wp\/v2\/pages\/3231","targetHints":{"allow":["GET"]}}],"collection":[{"href":"https:\/\/www.syotetaxi.fi\/en\/wp-json\/wp\/v2\/pages"}],"about":[{"href":"https:\/\/www.syotetaxi.fi\/en\/wp-json\/wp\/v2\/types\/page"}],"author":[{"embeddable":true,"href":"https:\/\/www.syotetaxi.fi\/en\/wp-json\/wp\/v2\/users\/2"}],"replies":[{"embeddable":true,"href":"https:\/\/www.syotetaxi.fi\/en\/wp-json\/wp\/v2\/comments?post=3231"}],"version-history":[{"count":4,"href":"https:\/\/www.syotetaxi.fi\/en\/wp-json\/wp\/v2\/pages\/3231\/revisions"}],"predecessor-version":[{"id":3235,"href":"https:\/\/www.syotetaxi.fi\/en\/wp-json\/wp\/v2\/pages\/3231\/revisions\/3235"}],"wp:attachment":[{"href":"https:\/\/www.syotetaxi.fi\/en\/wp-json\/wp\/v2\/media?parent=3231"}],"curies":[{"name":"wp","href":"https:\/\/api.w.org\/{rel}","templated":true}]}}