{"id":1468,"date":"2023-04-13T20:29:03","date_gmt":"2023-04-13T20:29:03","guid":{"rendered":"https:\/\/www.xn--sytetaxi-o4a.fi\/?page_id=1468"},"modified":"2025-12-20T18:14:59","modified_gmt":"2025-12-20T18:14:59","slug":"palvelut","status":"publish","type":"page","link":"https:\/\/www.syotetaxi.fi\/en\/palvelut\/","title":{"rendered":"Services"},"content":{"rendered":"<div data-elementor-type=\"wp-page\" data-elementor-id=\"1468\" class=\"elementor elementor-1468\">\n\t\t\t\t\t\t<section class=\"elementor-section elementor-top-section elementor-element elementor-element-93a8dab elementor-section-boxed elementor-section-height-default elementor-section-height-default\" data-id=\"93a8dab\" data-element_type=\"section\">\n\t\t\t\t\t\t<div class=\"elementor-container elementor-column-gap-default\">\n\t\t\t\t\t<div class=\"elementor-column elementor-col-100 elementor-top-column elementor-element elementor-element-6add5fc\" data-id=\"6add5fc\" data-element_type=\"column\">\n\t\t\t<div class=\"elementor-widget-wrap elementor-element-populated\">\n\t\t\t\t\t\t<div class=\"elementor-element elementor-element-79505f7 elementor-widget elementor-widget-text-editor\" data-id=\"79505f7\" data-element_type=\"widget\" data-widget_type=\"text-editor.default\">\n\t\t\t\t<div class=\"elementor-widget-container\">\n\t\t\t\t\t\t\t\t\t<section class=\"elementor-section elementor-top-section elementor-element elementor-element-2b340fa4 elementor-section-boxed elementor-section-height-default elementor-section-height-default\" data-id=\"2b340fa4\" data-element_type=\"section\"><div class=\"elementor-container elementor-column-gap-default\"><div class=\"elementor-column elementor-col-100 elementor-top-column elementor-element elementor-element-69b898ce\" data-id=\"69b898ce\" data-element_type=\"column\"><div class=\"elementor-widget-wrap elementor-element-populated\"><div class=\"elementor-element elementor-element-66de3aca elementor-widget elementor-widget-text-editor\" data-id=\"66de3aca\" data-element_type=\"widget\" data-widget_type=\"text-editor.default\"><h3 style=\"text-align: center;\"><span style=\"color: #000000;\"><strong>Quality and reliable taxi services at Sy\u00f6te<\/strong><\/span><\/h3><ul><li><h5><span style=\"color: #000000;\">Call a taxi at Sy\u00f6te area +358 40 561 6211<\/span><\/h5><\/li><li><h5><span style=\"color: #000000;\"><span style=\"text-decoration: underline;\"><a style=\"color: #000000; text-decoration: underline;\" href=\"https:\/\/www.syotetaxi.fi\/en\/kelataksi\/\">Kela taxi<\/a>,<\/span> also with wheelchair lift. <a style=\"color: #000000;\" href=\"https:\/\/www.syotetaxi.fi\/en\/tilaa-kelataksi\/\"><span style=\"text-decoration: underline;\">Read how you can get our taxi.<\/span><\/a><\/span><\/h5><\/li><li><h5><span style=\"color: #000000;\">Transportation costs covered by the insurance company, e.g. if your car breaks down during your trip.<\/span><\/h5><\/li><li><h5><span style=\"color: #000000;\">Airport transfers and other connections. <span style=\"text-decoration: underline;\"><a style=\"color: #000000; text-decoration: underline;\" href=\"https:\/\/www.syotetaxi.fi\/en\/saapuminen-syotteelle\/\">Read more about arriving in Sy\u00f6te.<\/a><\/span>\u00a0<\/span><\/h5><\/li><li><h5><span style=\"color: #000000;\">We organize day trips and safari transportation.<\/span><\/h5><\/li><li><h5><span style=\"color: #000000;\">Pre-ordered drives to theaters, concerts, etc.<\/span><\/h5><\/li><li><h5><span style=\"color: #000000;\"><span style=\"text-decoration: underline;\"><a style=\"color: #000000; text-decoration: underline;\" href=\"https:\/\/www.syotetaxi.fi\/en\/matkakauppa\/\">You can buy some trips directly from our webshop.<\/a><\/span><\/span><\/h5><\/li><\/ul><\/div><\/div><\/div><\/div><\/section>\t\t\t\t\t\t\t\t<\/div>\n\t\t\t\t<\/div>\n\t\t\t\t\t<\/div>\n\t\t<\/div>\n\t\t\t\t\t<\/div>\n\t\t<\/section>\n\t\t\t\t<section class=\"elementor-section elementor-top-section elementor-element elementor-element-129484d elementor-section-boxed elementor-section-height-default elementor-section-height-default\" data-id=\"129484d\" data-element_type=\"section\">\n\t\t\t\t\t\t<div class=\"elementor-container elementor-column-gap-default\">\n\t\t\t\t\t<div class=\"elementor-column elementor-col-100 elementor-top-column elementor-element elementor-element-051882a\" data-id=\"051882a\" data-element_type=\"column\">\n\t\t\t<div class=\"elementor-widget-wrap elementor-element-populated\">\n\t\t\t\t\t\t<div class=\"elementor-element elementor-element-c75e0fb elementor-widget elementor-widget-spacer\" data-id=\"c75e0fb\" data-element_type=\"widget\" data-widget_type=\"spacer.default\">\n\t\t\t\t<div class=\"elementor-widget-container\">\n\t\t\t\t\t\t\t<div class=\"elementor-spacer\">\n\t\t\t<div class=\"elementor-spacer-inner\"><\/div>\n\t\t<\/div>\n\t\t\t\t\t\t<\/div>\n\t\t\t\t<\/div>\n\t\t\t\t\t<\/div>\n\t\t<\/div>\n\t\t\t\t\t<\/div>\n\t\t<\/section>\n\t\t\t\t<section class=\"elementor-section elementor-top-section elementor-element elementor-element-9e75b01 elementor-section-boxed elementor-section-height-default elementor-section-height-default\" data-id=\"9e75b01\" data-element_type=\"section\">\n\t\t\t\t\t\t<div class=\"elementor-container elementor-column-gap-default\">\n\t\t\t\t\t<div class=\"elementor-column elementor-col-100 elementor-top-column elementor-element elementor-element-9fae344\" data-id=\"9fae344\" data-element_type=\"column\">\n\t\t\t<div class=\"elementor-widget-wrap elementor-element-populated\">\n\t\t\t\t\t\t\t<\/div>\n\t\t<\/div>\n\t\t\t\t\t<\/div>\n\t\t<\/section>\n\t\t\t\t<\/div>","protected":false},"excerpt":{"rendered":"<p>Laadukkaat ja luotettavat Sy\u00f6tteen alueen taksipalvelut Sy\u00f6tteen matkailualueella palvelemme numerossa 040 561 6211 Kelakyydit, my\u00f6s invahissill\u00e4 varustettu tilataksi. Lue ohjeet toivetaksin tilaamiseen! Vakuutusyhti\u00f6n kustantamat kuljetukset, esim. auton rikkouduttua kesken matkan. Lentokentt\u00e4kuljetukset ja muut jatkoyhteydet. Lue lis\u00e4\u00e4 Sy\u00f6tteelle saapumisesta.\u00a0 J\u00e4rjest\u00e4mme p\u00e4iv\u00e4retki\u00e4 ja safarikuljetuksia. Tilausajot teattereihin, konsertteihin ym. Voit ostaa joitakin matkoja suoraan matkakaupastamme.<\/p>","protected":false},"author":1,"featured_media":0,"parent":0,"menu_order":0,"comment_status":"closed","ping_status":"closed","template":"elementor_header_footer","meta":{"_kad_post_transparent":"","_kad_post_title":"","_kad_post_layout":"","_kad_post_sidebar_id":"","_kad_post_content_style":"","_kad_post_vertical_padding":"","_kad_post_feature":"","_kad_post_feature_position":"","_kad_post_header":false,"_kad_post_footer":false,"_kad_post_classname":"","footnotes":""},"class_list":["post-1468","page","type-page","status-publish","hentry"],"yoast_head":"<!-- This site is optimized with the Yoast SEO plugin v26.5 - https:\/\/yoast.com\/wordpress\/plugins\/seo\/ -->\n<title>Sy\u00f6tteen taksi<\/title>\n<meta name=\"description\" content=\"Laadukkaat ja luotettavat Sy\u00f6tteen taksipalvelut. Lentokentt\u00e4kuljetukset ja muut jatkoyhteydet.\" \/>\n<meta name=\"robots\" content=\"index, follow, max-snippet:-1, max-image-preview:large, max-video-preview:-1\" \/>\n<link rel=\"canonical\" href=\"https:\/\/www.syotetaxi.fi\/en\/palvelut\/\" \/>\n<meta property=\"og:locale\" content=\"en_GB\" \/>\n<meta property=\"og:type\" content=\"article\" \/>\n<meta property=\"og:title\" content=\"Sy\u00f6tteen taksi\" \/>\n<meta property=\"og:description\" content=\"Laadukkaat ja luotettavat Sy\u00f6tteen taksipalvelut. Lentokentt\u00e4kuljetukset ja muut jatkoyhteydet.\" \/>\n<meta property=\"og:url\" content=\"https:\/\/www.syotetaxi.fi\/en\/palvelut\/\" \/>\n<meta property=\"article:publisher\" content=\"https:\/\/www.facebook.com\/syotetaxi\" \/>\n<meta property=\"article:modified_time\" content=\"2025-12-20T18:14:59+00:00\" \/>\n<meta name=\"twitter:card\" content=\"summary_large_image\" \/>\n<meta name=\"twitter:label1\" content=\"Estimated reading time\" \/>\n\t<meta name=\"twitter:data1\" content=\"1 minute\" \/>\n<script type=\"application\/ld+json\" class=\"yoast-schema-graph\">{\"@context\":\"https:\/\/schema.org\",\"@graph\":[{\"@type\":\"WebPage\",\"@id\":\"https:\/\/www.syotetaxi.fi\/palvelut\/\",\"url\":\"https:\/\/www.syotetaxi.fi\/palvelut\/\",\"name\":\"Sy\u00f6tteen taksi\",\"isPartOf\":{\"@id\":\"https:\/\/www.syotetaxi.fi\/#website\"},\"datePublished\":\"2023-04-13T20:29:03+00:00\",\"dateModified\":\"2025-12-20T18:14:59+00:00\",\"description\":\"Laadukkaat ja luotettavat Sy\u00f6tteen taksipalvelut. Lentokentt\u00e4kuljetukset ja muut jatkoyhteydet.\",\"breadcrumb\":{\"@id\":\"https:\/\/www.syotetaxi.fi\/palvelut\/#breadcrumb\"},\"inLanguage\":\"en-GB\",\"potentialAction\":[{\"@type\":\"ReadAction\",\"target\":[\"https:\/\/www.syotetaxi.fi\/palvelut\/\"]}]},{\"@type\":\"BreadcrumbList\",\"@id\":\"https:\/\/www.syotetaxi.fi\/palvelut\/#breadcrumb\",\"itemListElement\":[{\"@type\":\"ListItem\",\"position\":1,\"name\":\"Etusivu\",\"item\":\"https:\/\/www.syotetaxi.fi\/\"},{\"@type\":\"ListItem\",\"position\":2,\"name\":\"Palvelut\"}]},{\"@type\":\"WebSite\",\"@id\":\"https:\/\/www.syotetaxi.fi\/#website\",\"url\":\"https:\/\/www.syotetaxi.fi\/\",\"name\":\"\",\"description\":\"\",\"publisher\":{\"@id\":\"https:\/\/www.syotetaxi.fi\/#organization\"},\"potentialAction\":[{\"@type\":\"SearchAction\",\"target\":{\"@type\":\"EntryPoint\",\"urlTemplate\":\"https:\/\/www.syotetaxi.fi\/?s={search_term_string}\"},\"query-input\":{\"@type\":\"PropertyValueSpecification\",\"valueRequired\":true,\"valueName\":\"search_term_string\"}}],\"inLanguage\":\"en-GB\"},{\"@type\":\"Organization\",\"@id\":\"https:\/\/www.syotetaxi.fi\/#organization\",\"name\":\"syotetaxi\",\"url\":\"https:\/\/www.syotetaxi.fi\/\",\"logo\":{\"@type\":\"ImageObject\",\"inLanguage\":\"en-GB\",\"@id\":\"https:\/\/www.syotetaxi.fi\/#\/schema\/logo\/image\/\",\"url\":\"https:\/\/www.syotetaxi.fi\/wp-content\/uploads\/2024\/03\/cropped-cropped-logo.png\",\"contentUrl\":\"https:\/\/www.syotetaxi.fi\/wp-content\/uploads\/2024\/03\/cropped-cropped-logo.png\",\"width\":833,\"height\":206,\"caption\":\"syotetaxi\"},\"image\":{\"@id\":\"https:\/\/www.syotetaxi.fi\/#\/schema\/logo\/image\/\"},\"sameAs\":[\"https:\/\/www.facebook.com\/syotetaxi\",\"https:\/\/www.instagram.com\/syotetaxi\"]}]}<\/script>\n<!-- \/ Yoast SEO plugin. -->","yoast_head_json":{"title":"Sy\u00f6tteen taksi","description":"Laadukkaat ja luotettavat Sy\u00f6tteen taksipalvelut. Lentokentt\u00e4kuljetukset ja muut jatkoyhteydet.","robots":{"index":"index","follow":"follow","max-snippet":"max-snippet:-1","max-image-preview":"max-image-preview:large","max-video-preview":"max-video-preview:-1"},"canonical":"https:\/\/www.syotetaxi.fi\/en\/palvelut\/","og_locale":"en_GB","og_type":"article","og_title":"Sy\u00f6tteen taksi","og_description":"Laadukkaat ja luotettavat Sy\u00f6tteen taksipalvelut. Lentokentt\u00e4kuljetukset ja muut jatkoyhteydet.","og_url":"https:\/\/www.syotetaxi.fi\/en\/palvelut\/","article_publisher":"https:\/\/www.facebook.com\/syotetaxi","article_modified_time":"2025-12-20T18:14:59+00:00","twitter_card":"summary_large_image","twitter_misc":{"Estimated reading time":"1 minute"},"schema":{"@context":"https:\/\/schema.org","@graph":[{"@type":"WebPage","@id":"https:\/\/www.syotetaxi.fi\/palvelut\/","url":"https:\/\/www.syotetaxi.fi\/palvelut\/","name":"Sy\u00f6tteen taksi","isPartOf":{"@id":"https:\/\/www.syotetaxi.fi\/#website"},"datePublished":"2023-04-13T20:29:03+00:00","dateModified":"2025-12-20T18:14:59+00:00","description":"Laadukkaat ja luotettavat Sy\u00f6tteen taksipalvelut. Lentokentt\u00e4kuljetukset ja muut jatkoyhteydet.","breadcrumb":{"@id":"https:\/\/www.syotetaxi.fi\/palvelut\/#breadcrumb"},"inLanguage":"en-GB","potentialAction":[{"@type":"ReadAction","target":["https:\/\/www.syotetaxi.fi\/palvelut\/"]}]},{"@type":"BreadcrumbList","@id":"https:\/\/www.syotetaxi.fi\/palvelut\/#breadcrumb","itemListElement":[{"@type":"ListItem","position":1,"name":"Etusivu","item":"https:\/\/www.syotetaxi.fi\/"},{"@type":"ListItem","position":2,"name":"Palvelut"}]},{"@type":"WebSite","@id":"https:\/\/www.syotetaxi.fi\/#website","url":"https:\/\/www.syotetaxi.fi\/","name":"","description":"","publisher":{"@id":"https:\/\/www.syotetaxi.fi\/#organization"},"potentialAction":[{"@type":"SearchAction","target":{"@type":"EntryPoint","urlTemplate":"https:\/\/www.syotetaxi.fi\/?s={search_term_string}"},"query-input":{"@type":"PropertyValueSpecification","valueRequired":true,"valueName":"search_term_string"}}],"inLanguage":"en-GB"},{"@type":"Organization","@id":"https:\/\/www.syotetaxi.fi\/#organization","name":"syotetaxi","url":"https:\/\/www.syotetaxi.fi\/","logo":{"@type":"ImageObject","inLanguage":"en-GB","@id":"https:\/\/www.syotetaxi.fi\/#\/schema\/logo\/image\/","url":"https:\/\/www.syotetaxi.fi\/wp-content\/uploads\/2024\/03\/cropped-cropped-logo.png","contentUrl":"https:\/\/www.syotetaxi.fi\/wp-content\/uploads\/2024\/03\/cropped-cropped-logo.png","width":833,"height":206,"caption":"syotetaxi"},"image":{"@id":"https:\/\/www.syotetaxi.fi\/#\/schema\/logo\/image\/"},"sameAs":["https:\/\/www.facebook.com\/syotetaxi","https:\/\/www.instagram.com\/syotetaxi"]}]}},"_links":{"self":[{"href":"https:\/\/www.syotetaxi.fi\/en\/wp-json\/wp\/v2\/pages\/1468","targetHints":{"allow":["GET"]}}],"collection":[{"href":"https:\/\/www.syotetaxi.fi\/en\/wp-json\/wp\/v2\/pages"}],"about":[{"href":"https:\/\/www.syotetaxi.fi\/en\/wp-json\/wp\/v2\/types\/page"}],"author":[{"embeddable":true,"href":"https:\/\/www.syotetaxi.fi\/en\/wp-json\/wp\/v2\/users\/1"}],"replies":[{"embeddable":true,"href":"https:\/\/www.syotetaxi.fi\/en\/wp-json\/wp\/v2\/comments?post=1468"}],"version-history":[{"count":245,"href":"https:\/\/www.syotetaxi.fi\/en\/wp-json\/wp\/v2\/pages\/1468\/revisions"}],"predecessor-version":[{"id":4616,"href":"https:\/\/www.syotetaxi.fi\/en\/wp-json\/wp\/v2\/pages\/1468\/revisions\/4616"}],"wp:attachment":[{"href":"https:\/\/www.syotetaxi.fi\/en\/wp-json\/wp\/v2\/media?parent=1468"}],"curies":[{"name":"wp","href":"https:\/\/api.w.org\/{rel}","templated":true}]}}