{"id":1356,"date":"2023-01-14T09:56:00","date_gmt":"2023-01-14T09:56:00","guid":{"rendered":"https:\/\/www.xn--sytetaxi-o4a.fi\/?page_id=1356"},"modified":"2025-12-20T18:42:39","modified_gmt":"2025-12-20T18:42:39","slug":"welcome-cyclist","status":"publish","type":"page","link":"https:\/\/www.syotetaxi.fi\/en\/welcome-cyclist\/","title":{"rendered":"Welcome Cyclist"},"content":{"rendered":"<div data-elementor-type=\"wp-page\" data-elementor-id=\"1356\" class=\"elementor elementor-1356\">\n\t\t\t\t\t\t<section class=\"elementor-section elementor-top-section elementor-element elementor-element-de06312 elementor-section-boxed elementor-section-height-default elementor-section-height-default\" data-id=\"de06312\" data-element_type=\"section\">\n\t\t\t\t\t\t<div class=\"elementor-container elementor-column-gap-default\">\n\t\t\t\t\t<div class=\"elementor-column elementor-col-100 elementor-top-column elementor-element elementor-element-865b347\" data-id=\"865b347\" data-element_type=\"column\">\n\t\t\t<div class=\"elementor-widget-wrap elementor-element-populated\">\n\t\t\t\t\t\t<div class=\"elementor-element elementor-element-ef14f3b elementor-widget elementor-widget-image\" data-id=\"ef14f3b\" data-element_type=\"widget\" data-widget_type=\"image.default\">\n\t\t\t\t<div class=\"elementor-widget-container\">\n\t\t\t\t\t\t\t\t\t\t\t\t\t\t\t\t<a href=\"http:\/\/www.bikeland.fi\">\n\t\t\t\t\t\t\t<img fetchpriority=\"high\" decoding=\"async\" width=\"300\" height=\"300\" src=\"https:\/\/www.syotetaxi.fi\/wp-content\/uploads\/2023\/01\/BIKELAND_welcomecyclist_sticker-1__01-scaled.png\" class=\"attachment-medium size-medium wp-image-1360\" alt=\"\" srcset=\"https:\/\/www.syotetaxi.fi\/wp-content\/uploads\/2023\/01\/BIKELAND_welcomecyclist_sticker-1__01-scaled.png 2560w, https:\/\/www.syotetaxi.fi\/wp-content\/uploads\/2023\/01\/BIKELAND_welcomecyclist_sticker-1__01-scaled-300x300.png 300w, https:\/\/www.syotetaxi.fi\/wp-content\/uploads\/2023\/01\/BIKELAND_welcomecyclist_sticker-1__01-scaled-100x100.png 100w, https:\/\/www.syotetaxi.fi\/wp-content\/uploads\/2023\/01\/BIKELAND_welcomecyclist_sticker-1__01-scaled-600x600.png 600w, https:\/\/www.syotetaxi.fi\/wp-content\/uploads\/2023\/01\/elementor\/thumbs\/BIKELAND_welcomecyclist_sticker-1__01-scaled-ra396fbvv55iog6qoe9dy3f36rg2ys0duni4hbo79s.png 200w, https:\/\/www.syotetaxi.fi\/wp-content\/uploads\/2023\/01\/elementor\/thumbs\/BIKELAND_welcomecyclist_sticker-1__01-scaled-ra396fbv97ravg3vgxtsw1zwo3c9mweiwr7jemfl98.png 150w\" sizes=\"(max-width: 300px) 100vw, 300px\" \/>\t\t\t\t\t\t\t\t<\/a>\n\t\t\t\t\t\t\t\t\t\t\t\t\t\t\t<\/div>\n\t\t\t\t<\/div>\n\t\t\t\t\t<\/div>\n\t\t<\/div>\n\t\t\t\t\t<\/div>\n\t\t<\/section>\n\t\t\t\t<section class=\"elementor-section elementor-top-section elementor-element elementor-element-e3cd0ce elementor-section-boxed elementor-section-height-default elementor-section-height-default\" data-id=\"e3cd0ce\" data-element_type=\"section\">\n\t\t\t\t\t\t<div class=\"elementor-container elementor-column-gap-default\">\n\t\t\t\t\t<div class=\"elementor-column elementor-col-100 elementor-top-column elementor-element elementor-element-02b0f55\" data-id=\"02b0f55\" data-element_type=\"column\">\n\t\t\t<div class=\"elementor-widget-wrap elementor-element-populated\">\n\t\t\t\t\t\t<div class=\"elementor-element elementor-element-32b9285 elementor-widget elementor-widget-text-editor\" data-id=\"32b9285\" data-element_type=\"widget\" data-widget_type=\"text-editor.default\">\n\t\t\t\t<div class=\"elementor-widget-container\">\n\t\t\t\t\t\t\t\t\t<h4 style=\"text-align: center;\"><span style=\"color: #000000;\"><strong>Welcome cyclist!<\/strong><\/span><\/h4><h4 style=\"text-align: center;\" class=\"translation-block\">Our company has a Welcome cyclist- badge. We are avid cyclists ourselves, and we can promise that while cycling you will see the Sy\u00f6te area in a completely different way.<\/h4><h4 style=\"text-align: center;\"><span style=\"color: #000000;\">Sy\u00f6te is a cyclist\u2019s paradise. We have a beautiful national park with wonderful trails in summer and winter. \u00a0<a style=\"color: #000000;\" href=\"https:\/\/www.luontoon.fi\/syote\/pyorailyreitit\"><strong>Read more on the Sy\u00f6te National Park website.<\/strong><\/a><\/span><\/h4><h4 style=\"text-align: center;\"><span style=\"color: #000000;\">You can bring your own bike or rent a suitable one from local companies.<\/span><br \/><span style=\"color: #000000;\">We have a trailer for transporting bikes, so you can arrive by train to Oulu and we\u2019ll pick you up from the train station.<\/span><\/h4>\t\t\t\t\t\t\t\t<\/div>\n\t\t\t\t<\/div>\n\t\t\t\t\t<\/div>\n\t\t<\/div>\n\t\t\t\t\t<\/div>\n\t\t<\/section>\n\t\t\t\t<section class=\"elementor-section elementor-top-section elementor-element elementor-element-1608216 elementor-section-boxed elementor-section-height-default elementor-section-height-default\" data-id=\"1608216\" data-element_type=\"section\">\n\t\t\t\t\t\t<div class=\"elementor-container elementor-column-gap-default\">\n\t\t\t\t\t<div class=\"elementor-column elementor-col-100 elementor-top-column elementor-element elementor-element-460891f\" data-id=\"460891f\" data-element_type=\"column\">\n\t\t\t<div class=\"elementor-widget-wrap elementor-element-populated\">\n\t\t\t\t\t\t<div class=\"elementor-element elementor-element-3970ebc elementor-widget elementor-widget-spacer\" data-id=\"3970ebc\" data-element_type=\"widget\" data-widget_type=\"spacer.default\">\n\t\t\t\t<div class=\"elementor-widget-container\">\n\t\t\t\t\t\t\t<div class=\"elementor-spacer\">\n\t\t\t<div class=\"elementor-spacer-inner\"><\/div>\n\t\t<\/div>\n\t\t\t\t\t\t<\/div>\n\t\t\t\t<\/div>\n\t\t\t\t\t<\/div>\n\t\t<\/div>\n\t\t\t\t\t<\/div>\n\t\t<\/section>\n\t\t\t\t<section class=\"elementor-section elementor-top-section elementor-element elementor-element-08e21b0 elementor-section-boxed elementor-section-height-default elementor-section-height-default\" data-id=\"08e21b0\" data-element_type=\"section\">\n\t\t\t\t\t\t<div class=\"elementor-container elementor-column-gap-default\">\n\t\t\t\t\t<div class=\"elementor-column elementor-col-25 elementor-top-column elementor-element elementor-element-571cf79\" data-id=\"571cf79\" data-element_type=\"column\">\n\t\t\t<div class=\"elementor-widget-wrap elementor-element-populated\">\n\t\t\t\t\t\t<div class=\"elementor-element elementor-element-f637a7c elementor-widget elementor-widget-image\" data-id=\"f637a7c\" data-element_type=\"widget\" data-widget_type=\"image.default\">\n\t\t\t\t<div class=\"elementor-widget-container\">\n\t\t\t\t\t\t\t\t\t\t\t\t\t\t\t<img decoding=\"async\" width=\"1024\" height=\"1024\" src=\"https:\/\/www.syotetaxi.fi\/wp-content\/uploads\/2023\/01\/IMG_20220317_114308__02-1024x1024.jpg\" class=\"attachment-large size-large wp-image-1366\" alt=\"\" srcset=\"https:\/\/www.syotetaxi.fi\/wp-content\/uploads\/2023\/01\/IMG_20220317_114308__02-1024x1024.jpg 1024w, https:\/\/www.syotetaxi.fi\/wp-content\/uploads\/2023\/01\/IMG_20220317_114308__02-300x300.jpg 300w, https:\/\/www.syotetaxi.fi\/wp-content\/uploads\/2023\/01\/IMG_20220317_114308__02-100x100.jpg 100w, https:\/\/www.syotetaxi.fi\/wp-content\/uploads\/2023\/01\/IMG_20220317_114308__02-600x600.jpg 600w, https:\/\/www.syotetaxi.fi\/wp-content\/uploads\/2023\/01\/IMG_20220317_114308__02-150x150.jpg 150w, https:\/\/www.syotetaxi.fi\/wp-content\/uploads\/2023\/01\/IMG_20220317_114308__02-768x768.jpg 768w, https:\/\/www.syotetaxi.fi\/wp-content\/uploads\/2023\/01\/IMG_20220317_114308__02-1536x1536.jpg 1536w, https:\/\/www.syotetaxi.fi\/wp-content\/uploads\/2023\/01\/IMG_20220317_114308__02.jpg 1800w\" sizes=\"(max-width: 1024px) 100vw, 1024px\" \/>\t\t\t\t\t\t\t\t\t\t\t\t\t\t\t<\/div>\n\t\t\t\t<\/div>\n\t\t\t\t\t<\/div>\n\t\t<\/div>\n\t\t\t\t<div class=\"elementor-column elementor-col-25 elementor-top-column elementor-element elementor-element-a19a2c0\" data-id=\"a19a2c0\" data-element_type=\"column\">\n\t\t\t<div class=\"elementor-widget-wrap elementor-element-populated\">\n\t\t\t\t\t\t<div class=\"elementor-element elementor-element-b0e35b5 elementor-widget elementor-widget-image\" data-id=\"b0e35b5\" data-element_type=\"widget\" data-widget_type=\"image.default\">\n\t\t\t\t<div class=\"elementor-widget-container\">\n\t\t\t\t\t\t\t\t\t\t\t\t\t\t\t<img decoding=\"async\" width=\"1024\" height=\"1024\" src=\"https:\/\/www.syotetaxi.fi\/wp-content\/uploads\/2022\/05\/280263596_10227909334862876_7233442508551775876_n-1024x1024.jpg\" class=\"attachment-large size-large wp-image-349\" alt=\"\" srcset=\"https:\/\/www.syotetaxi.fi\/wp-content\/uploads\/2022\/05\/280263596_10227909334862876_7233442508551775876_n-1024x1024.jpg 1024w, https:\/\/www.syotetaxi.fi\/wp-content\/uploads\/2022\/05\/280263596_10227909334862876_7233442508551775876_n-300x300.jpg 300w, https:\/\/www.syotetaxi.fi\/wp-content\/uploads\/2022\/05\/280263596_10227909334862876_7233442508551775876_n-100x100.jpg 100w, https:\/\/www.syotetaxi.fi\/wp-content\/uploads\/2022\/05\/280263596_10227909334862876_7233442508551775876_n-600x600.jpg 600w, https:\/\/www.syotetaxi.fi\/wp-content\/uploads\/2022\/05\/280263596_10227909334862876_7233442508551775876_n-150x150.jpg 150w, https:\/\/www.syotetaxi.fi\/wp-content\/uploads\/2022\/05\/280263596_10227909334862876_7233442508551775876_n-768x768.jpg 768w, https:\/\/www.syotetaxi.fi\/wp-content\/uploads\/2022\/05\/280263596_10227909334862876_7233442508551775876_n.jpg 1080w\" sizes=\"(max-width: 1024px) 100vw, 1024px\" \/>\t\t\t\t\t\t\t\t\t\t\t\t\t\t\t<\/div>\n\t\t\t\t<\/div>\n\t\t\t\t\t<\/div>\n\t\t<\/div>\n\t\t\t\t<div class=\"elementor-column elementor-col-25 elementor-top-column elementor-element elementor-element-11d0691\" data-id=\"11d0691\" data-element_type=\"column\">\n\t\t\t<div class=\"elementor-widget-wrap elementor-element-populated\">\n\t\t\t\t\t\t<div class=\"elementor-element elementor-element-43315ca elementor-widget elementor-widget-image\" data-id=\"43315ca\" data-element_type=\"widget\" data-widget_type=\"image.default\">\n\t\t\t\t<div class=\"elementor-widget-container\">\n\t\t\t\t\t\t\t\t\t\t\t\t\t\t\t<img loading=\"lazy\" decoding=\"async\" width=\"1022\" height=\"1024\" src=\"https:\/\/www.syotetaxi.fi\/wp-content\/uploads\/2025\/09\/IMG20250826174129-scaled-e1756875327899-1022x1024.jpg\" class=\"attachment-large size-large wp-image-4172\" alt=\"\" srcset=\"https:\/\/www.syotetaxi.fi\/wp-content\/uploads\/2025\/09\/IMG20250826174129-scaled-e1756875327899-1022x1024.jpg 1022w, https:\/\/www.syotetaxi.fi\/wp-content\/uploads\/2025\/09\/IMG20250826174129-scaled-e1756875327899-300x300.jpg 300w, https:\/\/www.syotetaxi.fi\/wp-content\/uploads\/2025\/09\/IMG20250826174129-scaled-e1756875327899-100x100.jpg 100w, https:\/\/www.syotetaxi.fi\/wp-content\/uploads\/2025\/09\/IMG20250826174129-scaled-e1756875327899-600x601.jpg 600w, https:\/\/www.syotetaxi.fi\/wp-content\/uploads\/2025\/09\/IMG20250826174129-scaled-e1756875327899-150x150.jpg 150w, https:\/\/www.syotetaxi.fi\/wp-content\/uploads\/2025\/09\/IMG20250826174129-scaled-e1756875327899-768x770.jpg 768w, https:\/\/www.syotetaxi.fi\/wp-content\/uploads\/2025\/09\/IMG20250826174129-scaled-e1756875327899-1533x1536.jpg 1533w, https:\/\/www.syotetaxi.fi\/wp-content\/uploads\/2025\/09\/IMG20250826174129-scaled-e1756875327899-12x12.jpg 12w, https:\/\/www.syotetaxi.fi\/wp-content\/uploads\/2025\/09\/IMG20250826174129-scaled-e1756875327899.jpg 1920w\" sizes=\"(max-width: 1022px) 100vw, 1022px\" \/>\t\t\t\t\t\t\t\t\t\t\t\t\t\t\t<\/div>\n\t\t\t\t<\/div>\n\t\t\t\t\t<\/div>\n\t\t<\/div>\n\t\t\t\t<div class=\"elementor-column elementor-col-25 elementor-top-column elementor-element elementor-element-035718e\" data-id=\"035718e\" data-element_type=\"column\">\n\t\t\t<div class=\"elementor-widget-wrap elementor-element-populated\">\n\t\t\t\t\t\t<div class=\"elementor-element elementor-element-43b2d21 elementor-widget elementor-widget-image\" data-id=\"43b2d21\" data-element_type=\"widget\" data-widget_type=\"image.default\">\n\t\t\t\t<div class=\"elementor-widget-container\">\n\t\t\t\t\t\t\t\t\t\t\t\t\t\t\t<img loading=\"lazy\" decoding=\"async\" width=\"1006\" height=\"1024\" src=\"https:\/\/www.syotetaxi.fi\/wp-content\/uploads\/2025\/09\/IMG_20250628_163852-1-scaled-e1766256140999-1006x1024.jpg\" class=\"attachment-large size-large wp-image-4299\" alt=\"\" srcset=\"https:\/\/www.syotetaxi.fi\/wp-content\/uploads\/2025\/09\/IMG_20250628_163852-1-scaled-e1766256140999-1006x1024.jpg 1006w, https:\/\/www.syotetaxi.fi\/wp-content\/uploads\/2025\/09\/IMG_20250628_163852-1-scaled-e1766256140999-600x611.jpg 600w, https:\/\/www.syotetaxi.fi\/wp-content\/uploads\/2025\/09\/IMG_20250628_163852-1-scaled-e1766256140999-295x300.jpg 295w, https:\/\/www.syotetaxi.fi\/wp-content\/uploads\/2025\/09\/IMG_20250628_163852-1-scaled-e1766256140999-768x781.jpg 768w, https:\/\/www.syotetaxi.fi\/wp-content\/uploads\/2025\/09\/IMG_20250628_163852-1-scaled-e1766256140999-1509x1536.jpg 1509w, https:\/\/www.syotetaxi.fi\/wp-content\/uploads\/2025\/09\/IMG_20250628_163852-1-scaled-e1766256140999-12x12.jpg 12w, https:\/\/www.syotetaxi.fi\/wp-content\/uploads\/2025\/09\/IMG_20250628_163852-1-scaled-e1766256140999.jpg 1707w\" sizes=\"(max-width: 1006px) 100vw, 1006px\" \/>\t\t\t\t\t\t\t\t\t\t\t\t\t\t\t<\/div>\n\t\t\t\t<\/div>\n\t\t\t\t\t<\/div>\n\t\t<\/div>\n\t\t\t\t\t<\/div>\n\t\t<\/section>\n\t\t\t\t<\/div>","protected":false},"excerpt":{"rendered":"<p>Tervetuloa py\u00f6r\u00e4ilij\u00e4! Yrityksell\u00e4mme on Tervetuloa py\u00f6r\u00e4ilij\u00e4- tunnus. Olemme itsekkin innokkkaita py\u00f6r\u00e4ilij\u00f6it\u00e4 ja voimme luvata, ett\u00e4 py\u00f6r\u00e4illess\u00e4 tulet n\u00e4kem\u00e4\u00e4n Sy\u00f6tteen alueen aivan eri tavalla. Sy\u00f6te on py\u00f6r\u00e4ilij\u00e4n paratiisi. Meilt\u00e4 l\u00f6ytyy kaunis kansallispuisto, jossa on upeat reitit sek\u00e4 kes\u00e4ll\u00e4, ett\u00e4 talvella. \u00a0Lue lis\u00e4\u00e4 Sy\u00f6tteen kansallispuiston nettisivulta. Voit tuoda mukanasi oman py\u00f6r\u00e4n tai vuokrata sopivan paikallisilta yrityksilt\u00e4.Meill\u00e4 on&#8230;<\/p>","protected":false},"author":1,"featured_media":0,"parent":0,"menu_order":0,"comment_status":"closed","ping_status":"closed","template":"elementor_header_footer","meta":{"_kad_post_transparent":"","_kad_post_title":"","_kad_post_layout":"","_kad_post_sidebar_id":"","_kad_post_content_style":"","_kad_post_vertical_padding":"","_kad_post_feature":"","_kad_post_feature_position":"","_kad_post_header":false,"_kad_post_footer":false,"_kad_post_classname":"","footnotes":""},"class_list":["post-1356","page","type-page","status-publish","hentry"],"yoast_head":"<!-- This site is optimized with the Yoast SEO plugin v26.5 - https:\/\/yoast.com\/wordpress\/plugins\/seo\/ -->\n<title>Welcome Cyclist -<\/title>\n<meta name=\"description\" content=\"Tervetuloa py\u00f6r\u00e4ilij\u00e4! Sy\u00f6te on py\u00f6r\u00e4ilij\u00e4n paratiisi. Meilt\u00e4 l\u00f6ytyy kaunis kansallispuisto, jossa on upeat reitit sek\u00e4 kes\u00e4ll\u00e4, ett\u00e4 talvella. Lue lis\u00e4\u00e4 Sy\u00f6tteen kansallispuiston nettisivulta.\" \/>\n<meta name=\"robots\" content=\"index, follow, max-snippet:-1, max-image-preview:large, max-video-preview:-1\" \/>\n<link rel=\"canonical\" href=\"https:\/\/www.syotetaxi.fi\/en\/welcome-cyclist\/\" \/>\n<meta property=\"og:locale\" content=\"en_GB\" \/>\n<meta property=\"og:type\" content=\"article\" \/>\n<meta property=\"og:title\" content=\"Welcome Cyclist -\" \/>\n<meta property=\"og:description\" content=\"Tervetuloa py\u00f6r\u00e4ilij\u00e4! Sy\u00f6te on py\u00f6r\u00e4ilij\u00e4n paratiisi. Meilt\u00e4 l\u00f6ytyy kaunis kansallispuisto, jossa on upeat reitit sek\u00e4 kes\u00e4ll\u00e4, ett\u00e4 talvella. Lue lis\u00e4\u00e4 Sy\u00f6tteen kansallispuiston nettisivulta.\" \/>\n<meta property=\"og:url\" content=\"https:\/\/www.syotetaxi.fi\/en\/welcome-cyclist\/\" \/>\n<meta property=\"article:publisher\" content=\"https:\/\/www.facebook.com\/syotetaxi\" \/>\n<meta property=\"article:modified_time\" content=\"2025-12-20T18:42:39+00:00\" \/>\n<meta property=\"og:image\" content=\"http:\/\/www.syotetaxi.fi\/wp-content\/uploads\/2023\/01\/BIKELAND_welcomecyclist_sticker-1__01-scaled.png\" \/>\n<meta name=\"twitter:card\" content=\"summary_large_image\" \/>\n<meta name=\"twitter:label1\" content=\"Estimated reading time\" \/>\n\t<meta name=\"twitter:data1\" content=\"2 minutes\" \/>\n<script type=\"application\/ld+json\" class=\"yoast-schema-graph\">{\"@context\":\"https:\/\/schema.org\",\"@graph\":[{\"@type\":\"WebPage\",\"@id\":\"https:\/\/www.syotetaxi.fi\/welcome-cyclist\/\",\"url\":\"https:\/\/www.syotetaxi.fi\/welcome-cyclist\/\",\"name\":\"Welcome Cyclist -\",\"isPartOf\":{\"@id\":\"https:\/\/www.syotetaxi.fi\/#website\"},\"primaryImageOfPage\":{\"@id\":\"https:\/\/www.syotetaxi.fi\/welcome-cyclist\/#primaryimage\"},\"image\":{\"@id\":\"https:\/\/www.syotetaxi.fi\/welcome-cyclist\/#primaryimage\"},\"thumbnailUrl\":\"http:\/\/www.syotetaxi.fi\/wp-content\/uploads\/2023\/01\/BIKELAND_welcomecyclist_sticker-1__01-scaled.png\",\"datePublished\":\"2023-01-14T09:56:00+00:00\",\"dateModified\":\"2025-12-20T18:42:39+00:00\",\"description\":\"Tervetuloa py\u00f6r\u00e4ilij\u00e4! Sy\u00f6te on py\u00f6r\u00e4ilij\u00e4n paratiisi. Meilt\u00e4 l\u00f6ytyy kaunis kansallispuisto, jossa on upeat reitit sek\u00e4 kes\u00e4ll\u00e4, ett\u00e4 talvella. Lue lis\u00e4\u00e4 Sy\u00f6tteen kansallispuiston nettisivulta.\",\"breadcrumb\":{\"@id\":\"https:\/\/www.syotetaxi.fi\/welcome-cyclist\/#breadcrumb\"},\"inLanguage\":\"en-GB\",\"potentialAction\":[{\"@type\":\"ReadAction\",\"target\":[\"https:\/\/www.syotetaxi.fi\/welcome-cyclist\/\"]}]},{\"@type\":\"ImageObject\",\"inLanguage\":\"en-GB\",\"@id\":\"https:\/\/www.syotetaxi.fi\/welcome-cyclist\/#primaryimage\",\"url\":\"http:\/\/www.syotetaxi.fi\/wp-content\/uploads\/2023\/01\/BIKELAND_welcomecyclist_sticker-1__01-scaled.png\",\"contentUrl\":\"http:\/\/www.syotetaxi.fi\/wp-content\/uploads\/2023\/01\/BIKELAND_welcomecyclist_sticker-1__01-scaled.png\"},{\"@type\":\"BreadcrumbList\",\"@id\":\"https:\/\/www.syotetaxi.fi\/welcome-cyclist\/#breadcrumb\",\"itemListElement\":[{\"@type\":\"ListItem\",\"position\":1,\"name\":\"Etusivu\",\"item\":\"https:\/\/www.syotetaxi.fi\/\"},{\"@type\":\"ListItem\",\"position\":2,\"name\":\"Welcome Cyclist\"}]},{\"@type\":\"WebSite\",\"@id\":\"https:\/\/www.syotetaxi.fi\/#website\",\"url\":\"https:\/\/www.syotetaxi.fi\/\",\"name\":\"\",\"description\":\"\",\"publisher\":{\"@id\":\"https:\/\/www.syotetaxi.fi\/#organization\"},\"potentialAction\":[{\"@type\":\"SearchAction\",\"target\":{\"@type\":\"EntryPoint\",\"urlTemplate\":\"https:\/\/www.syotetaxi.fi\/?s={search_term_string}\"},\"query-input\":{\"@type\":\"PropertyValueSpecification\",\"valueRequired\":true,\"valueName\":\"search_term_string\"}}],\"inLanguage\":\"en-GB\"},{\"@type\":\"Organization\",\"@id\":\"https:\/\/www.syotetaxi.fi\/#organization\",\"name\":\"syotetaxi\",\"url\":\"https:\/\/www.syotetaxi.fi\/\",\"logo\":{\"@type\":\"ImageObject\",\"inLanguage\":\"en-GB\",\"@id\":\"https:\/\/www.syotetaxi.fi\/#\/schema\/logo\/image\/\",\"url\":\"https:\/\/www.syotetaxi.fi\/wp-content\/uploads\/2024\/03\/cropped-cropped-logo.png\",\"contentUrl\":\"https:\/\/www.syotetaxi.fi\/wp-content\/uploads\/2024\/03\/cropped-cropped-logo.png\",\"width\":833,\"height\":206,\"caption\":\"syotetaxi\"},\"image\":{\"@id\":\"https:\/\/www.syotetaxi.fi\/#\/schema\/logo\/image\/\"},\"sameAs\":[\"https:\/\/www.facebook.com\/syotetaxi\",\"https:\/\/www.instagram.com\/syotetaxi\"]}]}<\/script>\n<!-- \/ Yoast SEO plugin. -->","yoast_head_json":{"title":"Welcome Cyclist -","description":"Tervetuloa py\u00f6r\u00e4ilij\u00e4! Sy\u00f6te on py\u00f6r\u00e4ilij\u00e4n paratiisi. Meilt\u00e4 l\u00f6ytyy kaunis kansallispuisto, jossa on upeat reitit sek\u00e4 kes\u00e4ll\u00e4, ett\u00e4 talvella. Lue lis\u00e4\u00e4 Sy\u00f6tteen kansallispuiston nettisivulta.","robots":{"index":"index","follow":"follow","max-snippet":"max-snippet:-1","max-image-preview":"max-image-preview:large","max-video-preview":"max-video-preview:-1"},"canonical":"https:\/\/www.syotetaxi.fi\/en\/welcome-cyclist\/","og_locale":"en_GB","og_type":"article","og_title":"Welcome Cyclist -","og_description":"Tervetuloa py\u00f6r\u00e4ilij\u00e4! Sy\u00f6te on py\u00f6r\u00e4ilij\u00e4n paratiisi. Meilt\u00e4 l\u00f6ytyy kaunis kansallispuisto, jossa on upeat reitit sek\u00e4 kes\u00e4ll\u00e4, ett\u00e4 talvella. Lue lis\u00e4\u00e4 Sy\u00f6tteen kansallispuiston nettisivulta.","og_url":"https:\/\/www.syotetaxi.fi\/en\/welcome-cyclist\/","article_publisher":"https:\/\/www.facebook.com\/syotetaxi","article_modified_time":"2025-12-20T18:42:39+00:00","og_image":[{"url":"http:\/\/www.syotetaxi.fi\/wp-content\/uploads\/2023\/01\/BIKELAND_welcomecyclist_sticker-1__01-scaled.png","type":"","width":"","height":""}],"twitter_card":"summary_large_image","twitter_misc":{"Estimated reading time":"2 minutes"},"schema":{"@context":"https:\/\/schema.org","@graph":[{"@type":"WebPage","@id":"https:\/\/www.syotetaxi.fi\/welcome-cyclist\/","url":"https:\/\/www.syotetaxi.fi\/welcome-cyclist\/","name":"Welcome Cyclist -","isPartOf":{"@id":"https:\/\/www.syotetaxi.fi\/#website"},"primaryImageOfPage":{"@id":"https:\/\/www.syotetaxi.fi\/welcome-cyclist\/#primaryimage"},"image":{"@id":"https:\/\/www.syotetaxi.fi\/welcome-cyclist\/#primaryimage"},"thumbnailUrl":"http:\/\/www.syotetaxi.fi\/wp-content\/uploads\/2023\/01\/BIKELAND_welcomecyclist_sticker-1__01-scaled.png","datePublished":"2023-01-14T09:56:00+00:00","dateModified":"2025-12-20T18:42:39+00:00","description":"Tervetuloa py\u00f6r\u00e4ilij\u00e4! Sy\u00f6te on py\u00f6r\u00e4ilij\u00e4n paratiisi. Meilt\u00e4 l\u00f6ytyy kaunis kansallispuisto, jossa on upeat reitit sek\u00e4 kes\u00e4ll\u00e4, ett\u00e4 talvella. Lue lis\u00e4\u00e4 Sy\u00f6tteen kansallispuiston nettisivulta.","breadcrumb":{"@id":"https:\/\/www.syotetaxi.fi\/welcome-cyclist\/#breadcrumb"},"inLanguage":"en-GB","potentialAction":[{"@type":"ReadAction","target":["https:\/\/www.syotetaxi.fi\/welcome-cyclist\/"]}]},{"@type":"ImageObject","inLanguage":"en-GB","@id":"https:\/\/www.syotetaxi.fi\/welcome-cyclist\/#primaryimage","url":"http:\/\/www.syotetaxi.fi\/wp-content\/uploads\/2023\/01\/BIKELAND_welcomecyclist_sticker-1__01-scaled.png","contentUrl":"http:\/\/www.syotetaxi.fi\/wp-content\/uploads\/2023\/01\/BIKELAND_welcomecyclist_sticker-1__01-scaled.png"},{"@type":"BreadcrumbList","@id":"https:\/\/www.syotetaxi.fi\/welcome-cyclist\/#breadcrumb","itemListElement":[{"@type":"ListItem","position":1,"name":"Etusivu","item":"https:\/\/www.syotetaxi.fi\/"},{"@type":"ListItem","position":2,"name":"Welcome Cyclist"}]},{"@type":"WebSite","@id":"https:\/\/www.syotetaxi.fi\/#website","url":"https:\/\/www.syotetaxi.fi\/","name":"","description":"","publisher":{"@id":"https:\/\/www.syotetaxi.fi\/#organization"},"potentialAction":[{"@type":"SearchAction","target":{"@type":"EntryPoint","urlTemplate":"https:\/\/www.syotetaxi.fi\/?s={search_term_string}"},"query-input":{"@type":"PropertyValueSpecification","valueRequired":true,"valueName":"search_term_string"}}],"inLanguage":"en-GB"},{"@type":"Organization","@id":"https:\/\/www.syotetaxi.fi\/#organization","name":"syotetaxi","url":"https:\/\/www.syotetaxi.fi\/","logo":{"@type":"ImageObject","inLanguage":"en-GB","@id":"https:\/\/www.syotetaxi.fi\/#\/schema\/logo\/image\/","url":"https:\/\/www.syotetaxi.fi\/wp-content\/uploads\/2024\/03\/cropped-cropped-logo.png","contentUrl":"https:\/\/www.syotetaxi.fi\/wp-content\/uploads\/2024\/03\/cropped-cropped-logo.png","width":833,"height":206,"caption":"syotetaxi"},"image":{"@id":"https:\/\/www.syotetaxi.fi\/#\/schema\/logo\/image\/"},"sameAs":["https:\/\/www.facebook.com\/syotetaxi","https:\/\/www.instagram.com\/syotetaxi"]}]}},"_links":{"self":[{"href":"https:\/\/www.syotetaxi.fi\/en\/wp-json\/wp\/v2\/pages\/1356","targetHints":{"allow":["GET"]}}],"collection":[{"href":"https:\/\/www.syotetaxi.fi\/en\/wp-json\/wp\/v2\/pages"}],"about":[{"href":"https:\/\/www.syotetaxi.fi\/en\/wp-json\/wp\/v2\/types\/page"}],"author":[{"embeddable":true,"href":"https:\/\/www.syotetaxi.fi\/en\/wp-json\/wp\/v2\/users\/1"}],"replies":[{"embeddable":true,"href":"https:\/\/www.syotetaxi.fi\/en\/wp-json\/wp\/v2\/comments?post=1356"}],"version-history":[{"count":83,"href":"https:\/\/www.syotetaxi.fi\/en\/wp-json\/wp\/v2\/pages\/1356\/revisions"}],"predecessor-version":[{"id":4626,"href":"https:\/\/www.syotetaxi.fi\/en\/wp-json\/wp\/v2\/pages\/1356\/revisions\/4626"}],"wp:attachment":[{"href":"https:\/\/www.syotetaxi.fi\/en\/wp-json\/wp\/v2\/media?parent=1356"}],"curies":[{"name":"wp","href":"https:\/\/api.w.org\/{rel}","templated":true}]}}